{"id":5979,"date":"2022-03-06T13:50:03","date_gmt":"2022-03-06T13:50:03","guid":{"rendered":"https:\/\/leclercbaby.ee\/toode\/car-seat-adapers\/"},"modified":"2023-01-17T20:51:04","modified_gmt":"2023-01-17T20:51:04","slug":"car-seat-adapers","status":"publish","type":"product","link":"https:\/\/leclercbaby.ee\/lv\/toode\/car-seat-adapers\/","title":{"rendered":"Ma\u0161\u012bnas s\u0113dekl\u012b\u0161a adapteri"},"content":{"rendered":"<p><strong>Papildinform\u0101cija:<\/strong><br \/>\nIepakojuma izm\u0113rs: 240x180x60<\/p>\n","protected":false},"excerpt":{"rendered":"<p>Leclerc Baby univers\u0101los ma\u0161\u012bnas s\u0113dekl\u012b\u0161a adapterus \u0101tri un viegli var piestiprin\u0101t j\u016bsu Leclerc Baby MF Plus, Influencer, Influencer XL, Monnalisa vai Hexagon rati\u0146iem. Izcili piem\u0113roti nelieliem izbraucieniem kop\u0101 ar j\u016bsu atvasi. Viegli pievienot un no\u0146emt no j\u016bsu rati\u0146u dro\u0161\u012bbas stie\u0146a. Piem\u0113roti da\u017e\u0101diem ma\u0161\u012bnas s\u0113dekl\u012b\u0161iem &#8211; sarakstu skatiet specifik\u0101cij\u0101s.<\/p>\n","protected":false},"featured_media":14683,"comment_status":"open","ping_status":"closed","template":"","meta":[],"product_brand":[],"product_cat":[121],"product_tag":[],"class_list":{"0":"post-5979","1":"product","2":"type-product","3":"status-publish","4":"has-post-thumbnail","6":"product_cat-aksessuaarid","7":"shop-item","8":"isotope-item","10":"first","11":"instock","12":"taxable","13":"shipping-taxable","14":"product-type-simple"},"jetpack_sharing_enabled":true,"_links":{"self":[{"href":"https:\/\/leclercbaby.ee\/lv\/wp-json\/wp\/v2\/product\/5979","targetHints":{"allow":["GET"]}}],"collection":[{"href":"https:\/\/leclercbaby.ee\/lv\/wp-json\/wp\/v2\/product"}],"about":[{"href":"https:\/\/leclercbaby.ee\/lv\/wp-json\/wp\/v2\/types\/product"}],"replies":[{"embeddable":true,"href":"https:\/\/leclercbaby.ee\/lv\/wp-json\/wp\/v2\/comments?post=5979"}],"wp:featuredmedia":[{"embeddable":true,"href":"https:\/\/leclercbaby.ee\/lv\/wp-json\/wp\/v2\/media\/14683"}],"wp:attachment":[{"href":"https:\/\/leclercbaby.ee\/lv\/wp-json\/wp\/v2\/media?parent=5979"}],"wp:term":[{"taxonomy":"product_brand","embeddable":true,"href":"https:\/\/leclercbaby.ee\/lv\/wp-json\/wp\/v2\/product_brand?post=5979"},{"taxonomy":"product_cat","embeddable":true,"href":"https:\/\/leclercbaby.ee\/lv\/wp-json\/wp\/v2\/product_cat?post=5979"},{"taxonomy":"product_tag","embeddable":true,"href":"https:\/\/leclercbaby.ee\/lv\/wp-json\/wp\/v2\/product_tag?post=5979"}],"curies":[{"name":"wp","href":"https:\/\/api.w.org\/{rel}","templated":true}]}}