{"id":5968,"date":"2022-03-06T22:08:06","date_gmt":"2022-03-06T22:08:06","guid":{"rendered":"https:\/\/leclercbaby.ee\/toode\/mf-plus-bundle-deal-sand\/"},"modified":"2023-01-17T08:42:20","modified_gmt":"2023-01-17T08:42:20","slug":"mf-plus-bundle-deal-sand","status":"publish","type":"product","link":"https:\/\/leclercbaby.ee\/lv\/toode\/mf-plus-bundle-deal-sand\/","title":{"rendered":"MF Plus ratu komplekts &#8211; Sand"},"content":{"rendered":"<p>Leclerc Baby MF Plus ratu komplekts &#8211; ietaupiet 76 \u20ac, sal\u012bdzinot ar atsevi\u0161\u0137u rati\u0146u, \u0161\u016bpu\u013ca un adapteru ieg\u0101di<br data-sanitized-data-mce-fragment=\"1\"><br data-sanitized-data-mce-fragment=\"1\">Ar vienu piesk\u0101rienu ir gana&#8230;<br data-sanitized-data-mce-fragment=\"1\">Lai saloc\u012btu un atloc\u012btu j\u016bsu rati\u0146us. Meh\u0101nisms par\u016bp\u0113sies par p\u0101r\u0113jo.<br data-sanitized-data-mce-fragment=\"1\">as jums \u013cauj rati\u0146us atv\u0113rt, aizv\u0113rt un novietot uzglab\u0101\u0161anai, izmantojot tikai vienu roku.<br data-sanitized-data-mce-fragment=\"1\"><br data-sanitized-data-mce-fragment=\"1\">MF Plus ir izstr\u0101d\u0101ti saska\u0146\u0101 ar visaugst\u0101kajiem kvalit\u0101tes un dro\u0161\u012bbas standartiem, un to komplekt\u0101 ir iek\u013cauti 4 b\u016btiski piederumi . Bez piep\u016bles p\u0101rveidojiet savus Leclerc Baby MF Plus jaundzimu\u0161o rati\u0146os par Leclerc Baby \u0161\u016bpuli.<br data-sanitized-data-mce-fragment=\"1\"><br data-sanitized-data-mce-fragment=\"1\">Leclerc Baby \u0161\u016bpulis ir m\u012bksti polster\u0113ts, ietilp\u012bgs un \u0113rts jaundzimu\u0161am mazulim. Caurredzams panelis uztur pat\u012bkami v\u0113su temperat\u016bru un \u013cauj vec\u0101kiem redz\u0113t savu b\u0113rnu. J\u016bsu mazulis var\u0113s izbaud\u012bt silt\u0101s vasaras dienas. \u0160\u016bpulim ir polster\u0113ts matracis, p\u0101rkl\u0101js un ventil\u0113ta pamatne, lai do\u0161an\u0101s \u0101r\u0101 kop\u0101 ar mazuli b\u016btu viegla. \u0160\u016bpuli var \u0101tri un vienk\u0101r\u0161i saloc\u012bt piln\u012bgi plakanu vieglai transport\u0113\u0161anai.<br data-sanitized-data-mce-fragment=\"1\"><br data-sanitized-data-mce-fragment=\"1\">Ievietojiet \u0161\u016bpuli j\u016bsu Magic Fold rati\u0146os, izmantojot komplekt\u0101 iek\u013cautos \u0161\u016bpu\u013ca adapterus.<br data-sanitized-data-mce-fragment=\"1\"><br data-sanitized-data-mce-fragment=\"1\"><strong>Kas ir iek\u013cauts komplekt\u0101cij\u0101?<\/strong><br data-sanitized-data-mce-fragment=\"1\">&#8211; Lietus pl\u0113ve<br data-sanitized-data-mce-fragment=\"1\">&#8211; Kr\u016bzes tur\u0113t\u0101js<br data-sanitized-data-mce-fragment=\"1\">&#8211; Dro\u0161\u012bbas stienis<br data-sanitized-data-mce-fragment=\"1\">&#8211; Ce\u013cojumu soma<br data-sanitized-data-mce-fragment=\"1\">&#8211; \u0160\u016bpulis<br data-sanitized-data-mce-fragment=\"1\">&#8211; \u0160\u016bpu\u013ca adapteri<br data-sanitized-data-mce-fragment=\"1\"><br data-sanitized-data-mce-fragment=\"1\"><strong>Komforts jums un j\u016bsu mazulim:<\/strong><br data-sanitized-data-mce-fragment=\"1\">&#8211; Saules aizsargs ar magn\u0113tisku atloku<br data-sanitized-data-mce-fragment=\"1\">&#8211; Piel\u0101gojama 3 poz\u012bciju atzveltne (tostarp gul\u0113\u0161anas poz\u012bcija)<br data-sanitized-data-mce-fragment=\"1\">&#8211; Piel\u0101gojams k\u0101ju atbalsts<br data-sanitized-data-mce-fragment=\"1\"><br data-sanitized-data-mce-fragment=\"1\"><strong>Vienk\u0101r\u0161a lieto\u0161ana:<\/strong><br data-sanitized-data-mce-fragment=\"1\">&#8211; No\u0146emams dro\u0161\u012bbas stienis<br data-sanitized-data-mce-fragment=\"1\">&#8211; Magn\u0113tiska 5 punktu siksna vieglai piek\u013cuvei j\u016bsu b\u0113rnam<br data-sanitized-data-mce-fragment=\"1\">&#8211; Rite\u0146u balstiek\u0101rta<br data-sanitized-data-mce-fragment=\"1\">&#8211; Liels brem\u017eu ped\u0101lis<br data-sanitized-data-mce-fragment=\"1\">&#8211; Stiprin\u0101juma vietas auti\u0146biks\u012b\u0161u somai<br data-sanitized-data-mce-fragment=\"1\"><br data-sanitized-data-mce-fragment=\"1\"><strong>Aizsardz\u012bba pret laikapst\u0101k\u013ciem:<\/strong><br data-sanitized-data-mce-fragment=\"1\">&#8211; Pagarin\u0101ts saules aizsargs ar 50+ SPF<br data-sanitized-data-mce-fragment=\"1\">&#8211; 600D \u016bdensiztur\u012bgi audumi<br data-sanitized-data-mce-fragment=\"1\"><br data-sanitized-data-mce-fragment=\"1\"><strong>Augstas kvalit\u0101tes materi\u0101li:<\/strong><br data-sanitized-data-mce-fragment=\"1\">&#8211; Stum\u0161anas stienis no \u0101das imit\u0101cijas + dro\u0161\u012bbas stienis (PU)<br data-sanitized-data-mce-fragment=\"1\">&#8211; Iztur\u012bga ce\u013cojumu soma<br data-sanitized-data-mce-fragment=\"1\">&#8211; 100% PU rite\u0146i un daudz kas cits<\/p>\n","protected":false},"excerpt":{"rendered":"<p>Izstr\u0101d\u0101ti stil\u012bgiem jaunajiem vec\u0101kiem (un mazajiem, kuri noteikti seko vec\u0101ku paraugam!), Leclerc Baby MF Plus Bundle, pastaig\u0101joties park\u0101, \u0101tri vien piesaist\u012bs citu mammu un t\u0113tu uzman\u012bbu. Komplekt\u0101 iek\u013cauts saules aizsargs un lietus pl\u0113ve, lai, neatkar\u012bgi no laikapst\u0101k\u013ciem, j\u016bsu b\u0113rns b\u016btu pasarg\u0101ts un justos \u0113rti. MF Plus Bundle Deal var lietot no dzim\u0161anas l\u012bdz aptuveni 4 gadu vecumam.<\/p>\n","protected":false},"featured_media":4727,"comment_status":"open","ping_status":"closed","template":"","meta":[],"product_brand":[],"product_cat":[15],"product_tag":[],"class_list":{"0":"post-5968","1":"product","2":"type-product","3":"status-publish","4":"has-post-thumbnail","6":"product_cat-maaramata","7":"shop-item","8":"isotope-item","10":"first","11":"instock","12":"taxable","13":"shipping-taxable","14":"product-type-simple"},"jetpack_sharing_enabled":true,"_links":{"self":[{"href":"https:\/\/leclercbaby.ee\/lv\/wp-json\/wp\/v2\/product\/5968","targetHints":{"allow":["GET"]}}],"collection":[{"href":"https:\/\/leclercbaby.ee\/lv\/wp-json\/wp\/v2\/product"}],"about":[{"href":"https:\/\/leclercbaby.ee\/lv\/wp-json\/wp\/v2\/types\/product"}],"replies":[{"embeddable":true,"href":"https:\/\/leclercbaby.ee\/lv\/wp-json\/wp\/v2\/comments?post=5968"}],"wp:featuredmedia":[{"embeddable":true,"href":"https:\/\/leclercbaby.ee\/lv\/wp-json\/wp\/v2\/media\/4727"}],"wp:attachment":[{"href":"https:\/\/leclercbaby.ee\/lv\/wp-json\/wp\/v2\/media?parent=5968"}],"wp:term":[{"taxonomy":"product_brand","embeddable":true,"href":"https:\/\/leclercbaby.ee\/lv\/wp-json\/wp\/v2\/product_brand?post=5968"},{"taxonomy":"product_cat","embeddable":true,"href":"https:\/\/leclercbaby.ee\/lv\/wp-json\/wp\/v2\/product_cat?post=5968"},{"taxonomy":"product_tag","embeddable":true,"href":"https:\/\/leclercbaby.ee\/lv\/wp-json\/wp\/v2\/product_tag?post=5968"}],"curies":[{"name":"wp","href":"https:\/\/api.w.org\/{rel}","templated":true}]}}