{"id":5961,"date":"2022-08-18T19:49:57","date_gmt":"2022-08-18T19:49:57","guid":{"rendered":"https:\/\/leclercbaby.ee\/toode\/influencer-xl-stroller\/"},"modified":"2023-01-21T20:04:56","modified_gmt":"2023-01-21T20:04:56","slug":"influencer-xl-stroller","status":"publish","type":"product","link":"https:\/\/leclercbaby.ee\/lv\/toode\/influencer-xl-stroller\/","title":{"rendered":"Influencer XL rati\u0146i"},"content":{"rendered":"<p><strong>Kas ir iek\u013cauts komplekt\u0101cij\u0101?<\/strong><br \/>\n&#8211; Influencer rati\u0146i, tostarp saules aizsargs<br \/>\n&#8211; Dro\u0161\u012bbas stienis<br \/>\n&#8211; Ce\u013cojumu soma<\/p>\n<p><strong>Komforts jums un j\u016bsu mazulim<\/strong><br \/>\n&#8211; P\u0101rsegs ar lodzi\u0146u un auduma aizsargu (magn\u0113tisks)<br \/>\n&#8211; Atzveltne, kas piel\u0101gojama 3 veidos (tostarp miega st\u0101vokl\u012b)<br \/>\n&#8211; Piel\u0101gojams k\u0101ju balsts (tostarp miega st\u0101vokl\u012b)<\/p>\n<p><strong>Viegla lieto\u0161ana<\/strong><br \/>\n&#8211; No\u0146emams dro\u0161\u012bbas stienis<br \/>\n&#8211; Magn\u0113tiska 5 punktu josta<br \/>\n&#8211; Rite\u0146u balstiek\u0101rta<br \/>\n&#8211; Liels brem\u017eu ped\u0101lis<br \/>\n&#8211; Vienk\u0101r\u0161as stiprin\u0101juma vietas auti\u0146biks\u012b\u0161u somai<\/p>\n<p><strong>\u016adensnecaurlaid\u012bgi<\/strong><br \/>\n&#8211; Pagarin\u0101ts p\u0101rsegs ar 50+ SPF<br \/>\n&#8211; 600D \u016bdensiztur\u012bgi audumi<\/p>\n<p><strong>Augstas kvalit\u0101tes materi\u0101li<\/strong><br \/>\n&#8211; Stum\u0161anas stienis no \u0101das imit\u0101cijas + dro\u0161\u012bbas stienis (PU)<br \/>\n&#8211; Iztur\u012bga ce\u013cojumu soma<br \/>\n&#8211; 100% PU riten\u012b\u0161i un daudz kas cits<\/p>\n<p><strong>Papildinform\u0101cija<\/strong><br \/>\n&#8211; Ar vienu piesk\u0101rienu ir gana, lai saloc\u012btu un atloc\u012btu j\u016bsu rati\u0146us<br \/>\n&#8211; Ietilpst lidma\u0161\u012bnu rokas bag\u0101\u017eas plaukt\u0101.<br \/>\n&#8211; Komplekt\u0101cij\u0101 iek\u013cauts saules aizsargs UV50+, dro\u0161\u012bbas stienis un ce\u013cojumu soma<br \/>\n&#8211; Piem\u0113roti no 6 m\u0113ne\u0161iem l\u012bdz 22 kg\/apm. 5 gadiem.<\/p>\n<p><strong>Influencer XL rati\u0146u specifik\u0101cijas<\/strong><br \/>\n\u2022 Svars: 8,2 kg<br \/>\n\u2022 Maks. s\u0113dek\u013ca svars: 22 kg<br \/>\n\u2022 Maks. iepirkumu groza svars: 3 kg<br \/>\n\u2022 Augstums atloc\u012bt\u0101 st\u0101vokl\u012b: 104 cm<br \/>\n\u2022 Dzi\u013cums atloc\u012bt\u0101 st\u0101vokl\u012b: 63 cm<br \/>\n\u2022 Platums atloc\u012bt\u0101 st\u0101vokl\u012b: 51 cm<br \/>\n\u2022 Augstums saloc\u012bt\u0101 st\u0101vokl\u012b: 60 cm<br \/>\n\u2022 Dzi\u013cums saloc\u012bt\u0101 st\u0101vokl\u012b: 24 cm<br \/>\n\u2022 Platums saloc\u012bt\u0101 st\u0101vokl\u012b: 45 cm<br \/>\n\u2022 R\u0101mja materi\u0101ls: Alum\u012bnija pulvera apvalks<br \/>\n\u2022 Pieejam\u0101s kr\u0101sas: Armijas za\u013ca un melni br\u016bna<\/p>\n","protected":false},"excerpt":{"rendered":"<p>Influencer XL rati\u0146i &#8211; Iepaz\u012bstin\u0101m ar jaunajiem Influencer XL Influencer XL paver pla\u0161\u0101ku skatu uz dz\u012bvi. Tas ir Influencer rati\u0146u lielais br\u0101lis, kas izce\u013cas p\u016bl\u012b. T\u0101pat k\u0101 ar Influencer, j\u016bs savus Influencer XL varat saloc\u012bt un atloc\u012bt nieka 1,5 sekund\u0113s, nospie\u017eot tikai vienu pogu!<\/p>\n<p>Rati\u0146iem ir liel\u0101ki riten\u012b\u0161i, \u013caujot jums ar b\u0113rnu pastaig\u0101ties pa reljefu un izp\u0113t\u012bt dabu. Pateicoties liel\u0101kiem riten\u012b\u0161iem, vair\u0101k vietas pamatn\u0113 un unik\u0101lajam saloc\u012b\u0161anas meh\u0101nismam, Influencer XL rati\u0146i ir izcili piem\u0113roti ce\u013co\u0161anai, pils\u0113tas dz\u012bvei, pastaig\u0101m dab\u0101 un da\u017e\u0101diem reljefiem. S\u0113deklim ir m\u012bksts polster\u0113jums, lai j\u016bsu b\u0113rnam b\u016btu \u0113rti, kas ir izcili piem\u0113roti ar\u012b ilg\u0101kiem braucieniem.<\/p>\n","protected":false},"featured_media":13292,"comment_status":"open","ping_status":"closed","template":"","meta":[],"product_brand":[],"product_cat":[136],"product_tag":[],"class_list":{"0":"post-5961","1":"product","2":"type-product","3":"status-publish","4":"has-post-thumbnail","6":"product_cat-influencer-xl-jalutuskarud","7":"shop-item","8":"isotope-item","10":"first","11":"outofstock","12":"taxable","13":"shipping-taxable","14":"product-type-variable"},"jetpack_sharing_enabled":true,"_links":{"self":[{"href":"https:\/\/leclercbaby.ee\/lv\/wp-json\/wp\/v2\/product\/5961","targetHints":{"allow":["GET"]}}],"collection":[{"href":"https:\/\/leclercbaby.ee\/lv\/wp-json\/wp\/v2\/product"}],"about":[{"href":"https:\/\/leclercbaby.ee\/lv\/wp-json\/wp\/v2\/types\/product"}],"replies":[{"embeddable":true,"href":"https:\/\/leclercbaby.ee\/lv\/wp-json\/wp\/v2\/comments?post=5961"}],"wp:featuredmedia":[{"embeddable":true,"href":"https:\/\/leclercbaby.ee\/lv\/wp-json\/wp\/v2\/media\/13292"}],"wp:attachment":[{"href":"https:\/\/leclercbaby.ee\/lv\/wp-json\/wp\/v2\/media?parent=5961"}],"wp:term":[{"taxonomy":"product_brand","embeddable":true,"href":"https:\/\/leclercbaby.ee\/lv\/wp-json\/wp\/v2\/product_brand?post=5961"},{"taxonomy":"product_cat","embeddable":true,"href":"https:\/\/leclercbaby.ee\/lv\/wp-json\/wp\/v2\/product_cat?post=5961"},{"taxonomy":"product_tag","embeddable":true,"href":"https:\/\/leclercbaby.ee\/lv\/wp-json\/wp\/v2\/product_tag?post=5961"}],"curies":[{"name":"wp","href":"https:\/\/api.w.org\/{rel}","templated":true}]}}