{"id":5534,"date":"2022-08-28T07:13:39","date_gmt":"2022-08-28T07:13:39","guid":{"rendered":"https:\/\/leclercbaby.ee\/influencer-xl-ratini\/"},"modified":"2022-10-08T08:44:21","modified_gmt":"2022-10-08T08:44:21","slug":"influencer-xl-ratini","status":"publish","type":"page","link":"https:\/\/leclercbaby.ee\/lv\/influencer-xl-ratini\/","title":{"rendered":"Influencer XL rati\u0146i"},"content":{"rendered":"<div class=\"wrapper\"><div  class=\"column-section clearfix spaced-normal  col-align-top no-anim\"><div  class=\"column one-full last-col  col1 no-anim\" ><img loading=\"lazy\" decoding=\"async\" class=\"lazy\" src=\"data:image\/gif;base64,R0lGODlhAQABAIAAAP\/\/\/wAAACH5BAEAAAAALAAAAAABAAEAAAICRAEAOw==\" alt=\"Untitled (3024 \u00d7 1430px) (5)\" data-src=\"https:\/\/leclercbaby.ee\/wp-content\/uploads\/2022\/08\/Untitled-3024-\u00d7-1430px-5.png\" width=\"3024\" height=\"1430\"><\/div><\/div><\/div><div class=\"spacer spacer-medium \"><\/div>\n<h2 style=\"text-align: center;\"><strong>Influencer XL rati\u0146i<\/strong> <strong>&#8211; Iepaz\u012bstin\u0101m ar jaunajiem Influencer XL<\/strong><\/h2>\n<div class=\"spacer spacer-medium \"><\/div><div class=\"wrapper\"><div  class=\"column-section clearfix spaced-normal  col-align-top no-anim\"><div  class=\"column one-half   col2 no-anim\" ><img loading=\"lazy\" decoding=\"async\" class=\"lazy\" src=\"data:image\/gif;base64,R0lGODlhAQABAIAAAP\/\/\/wAAACH5BAEAAAAALAAAAAABAAEAAAICRAEAOw==\" alt=\"79387-95054_Katja_Influencer_XL.jpg\" data-src=\"https:\/\/leclercbaby.ee\/wp-content\/uploads\/2022\/08\/79387-95054_Katja_Influencer_XL.jpg-scaled.webp\" width=\"2560\" height=\"1707\"><\/div><div  class=\"column one-half last-col  col3 no-anim\" >\n<h2>Vai esat gatavs izcelties no p\u016b\u013ca?<\/h2>\n<ul>\n<li style=\"list-style-type: none;\">\n<ul>\n<li>Vai mekl\u0113 \u0113rt\u012bbu , funkcionalit\u0101ti un pievilc\u012bgu dizainu? M\u016bsu Leclerc Baby Influencer XL ir lab\u0101k\u0101 izv\u0113le priek\u0161 jums!<\/li>\n<li>Rati\u0146iem ir liel\u0101ki riten\u012b\u0161i, \u013caujot jums ar b\u0113rnu pastaig\u0101ties pa reljefu un izp\u0113t\u012bt dabu. Pateicoties liel\u0101kiem riten\u012b\u0161iem, vair\u0101k vietas pamatn\u0113 un unik\u0101lajam saloc\u012b\u0161anas meh\u0101nismam, Influencer XL rati\u0146i ir izcili piem\u0113roti ce\u013co\u0161anai, pils\u0113tas dz\u012bvei, pastaig\u0101m dab\u0101 un da\u017e\u0101diem reljefiem. S\u0113deklim ir m\u012bksts polster\u0113jums, lai j\u016bsu b\u0113rnam b\u016btu \u0113rti, kas ir izcili piem\u0113roti ar\u012b ilg\u0101kiem braucieniem.<\/li>\n<\/ul>\n<\/li>\n<\/ul>\n<ul>\n<li style=\"list-style-type: none;\">\n<ul>\n<li>Modelim Influencer pieejami ar\u012b pieska\u0146oti aksesu\u0101ri skaist\u0101s kr\u0101s\u0101s: ratu grozs, soma, auti\u0146biks\u012b\u0161u soma un siltie gu\u013cammaisi.<\/li>\n<li>2.gadu garantija un \u0101tra klientu apkalpo\u0161ana.<\/li>\n<\/ul>\n<\/li>\n<\/ul>\n<p style=\"text-align: center;\"><a href=\"https:\/\/leclercbaby.ee\/toode\/influencer-xl-jalutuskaru\/\" class=\"sr-button withicon text-trans style-3 button-normal\" target=\"_self\"><span class=\"text\">\n\t\t\t<span>IEP\u0112RCIETIES \u0160EIT<\/span>\n\t\t\t<span>IEP\u0112RCIETIES \u0160EIT<\/span>\n\t\t<\/span><span class=\"icon\">\n\t\t\t<span class=\"arrow\">\n\t\t\t\t<svg xmlns=\"http:\/\/www.w3.org\/2000\/svg\" viewBox=\"0 0 13.2 9\">\n\t\t\t\t<path d=\"M13.1,4.4c0-0.2-0.1-0.4-0.2-0.5c0,0,0,0,0,0L9.1,0.2c-0.3-0.3-0.7-0.3-1,0c-0.3,0.3-0.3,0.7,0,1l2.6,2.6H0.7\n\t\t\t\t\tc-0.4,0-0.7,0.3-0.7,0.7c0,0.4,0.3,0.7,0.7,0.7h10L8.2,7.8c-0.3,0.3-0.3,0.7,0,1c0.3,0.3,0.7,0.3,1,0L12.9,5c0,0,0,0,0,0\n\t\t\t\t\tC13,4.9,13,4.8,13.1,4.8c0,0,0,0,0,0C13.1,4.6,13.1,4.5,13.1,4.4z\"\/>\n\t\t\t\t<\/svg>\n\t\t\t<\/span>\n\t\t<\/span><\/a><\/p>\n<\/div><\/div><\/div><div class=\"spacer spacer-small \"><\/div>\n<blockquote><p>Biju \u013coti p\u0101rsteigta, cik stabili un \u0113rti manam b\u0113rnam ir Influencer XL rati\u0146i pat tad, kad braucam pa nebru\u0123\u0113tiem ce\u013ciem un izvirz\u012btam koku sakn\u0113m -Lina<\/p><\/blockquote>\n<div class=\"spacer spacer-medium \"><\/div><div class=\"wrapper\"><div  class=\"column-section clearfix spaced-normal  col-align-top no-anim\"><div  class=\"column one-half   col4 no-anim\" ><img loading=\"lazy\" decoding=\"async\" class=\"lazy\" src=\"data:image\/gif;base64,R0lGODlhAQABAIAAAP\/\/\/wAAACH5BAEAAAAALAAAAAABAAEAAAICRAEAOw==\" alt=\"Influencer XL jalutusk\u00e4ru Black Brown\" data-src=\"https:\/\/leclercbaby.ee\/wp-content\/uploads\/2022\/07\/Influencer-XL-jalutuskaru-Black-Brown.png\" width=\"732\" height=\"750\"><\/p>\n<h2 style=\"padding-left: 80px;\"><a href=\"https:\/\/leclercbaby.ee\/toode\/influencer-xl-jalutuskaru\/\" class=\"sr-button withicon text-trans style-3 button-big\" target=\"_self\"><span class=\"text\">\n\t\t\t<span>Pirkt \u0161eit<\/span>\n\t\t\t<span>Pirkt \u0161eit<\/span>\n\t\t<\/span><span class=\"icon\">\n\t\t\t<span class=\"arrow\">\n\t\t\t\t<svg xmlns=\"http:\/\/www.w3.org\/2000\/svg\" viewBox=\"0 0 13.2 9\">\n\t\t\t\t<path d=\"M13.1,4.4c0-0.2-0.1-0.4-0.2-0.5c0,0,0,0,0,0L9.1,0.2c-0.3-0.3-0.7-0.3-1,0c-0.3,0.3-0.3,0.7,0,1l2.6,2.6H0.7\n\t\t\t\t\tc-0.4,0-0.7,0.3-0.7,0.7c0,0.4,0.3,0.7,0.7,0.7h10L8.2,7.8c-0.3,0.3-0.3,0.7,0,1c0.3,0.3,0.7,0.3,1,0L12.9,5c0,0,0,0,0,0\n\t\t\t\t\tC13,4.9,13,4.8,13.1,4.8c0,0,0,0,0,0C13.1,4.6,13.1,4.5,13.1,4.4z\"\/>\n\t\t\t\t<\/svg>\n\t\t\t<\/span>\n\t\t<\/span><\/a><\/h2>\n<\/div><div  class=\"column one-half last-col  col5 no-anim\" ><img loading=\"lazy\" decoding=\"async\" class=\"lazy\" src=\"data:image\/gif;base64,R0lGODlhAQABAIAAAP\/\/\/wAAACH5BAEAAAAALAAAAAABAAEAAAICRAEAOw==\" alt=\"Influencer XL jalutusk\u00e4ru Army Green\" data-src=\"https:\/\/leclercbaby.ee\/wp-content\/uploads\/2022\/07\/Influencer-XL-jalutuskaru-Army-Green.png\" width=\"732\" height=\"750\"><\/p>\n<h2 style=\"padding-left: 80px;\"><a href=\"https:\/\/leclercbaby.ee\/toode\/influencer-xl-jalutuskaru\/\" class=\"sr-button withicon text-trans style-3 button-big\" target=\"_self\"><span class=\"text\">\n\t\t\t<span>Pirkt \u0161eit<\/span>\n\t\t\t<span>Pirkt \u0161eit<\/span>\n\t\t<\/span><span class=\"icon\">\n\t\t\t<span class=\"arrow\">\n\t\t\t\t<svg xmlns=\"http:\/\/www.w3.org\/2000\/svg\" viewBox=\"0 0 13.2 9\">\n\t\t\t\t<path d=\"M13.1,4.4c0-0.2-0.1-0.4-0.2-0.5c0,0,0,0,0,0L9.1,0.2c-0.3-0.3-0.7-0.3-1,0c-0.3,0.3-0.3,0.7,0,1l2.6,2.6H0.7\n\t\t\t\t\tc-0.4,0-0.7,0.3-0.7,0.7c0,0.4,0.3,0.7,0.7,0.7h10L8.2,7.8c-0.3,0.3-0.3,0.7,0,1c0.3,0.3,0.7,0.3,1,0L12.9,5c0,0,0,0,0,0\n\t\t\t\t\tC13,4.9,13,4.8,13.1,4.8c0,0,0,0,0,0C13.1,4.6,13.1,4.5,13.1,4.4z\"\/>\n\t\t\t\t<\/svg>\n\t\t\t<\/span>\n\t\t<\/span><\/a><\/h2>\n<\/div><\/div><\/div><div class=\"spacer spacer-medium \"><\/div><div class=\"wrapper\"><div  class=\"column-section clearfix spaced-normal  col-align-top no-anim\"><div  class=\"column one-half   col6 no-anim\" >\n<h2><strong>&#8211; Ar vienu piesk\u0101rienu ir gana, lai saloc\u012btu un atloc\u012btu j\u016bsu rati\u0146us<\/strong><\/h2>\n<p>&nbsp;<\/p>\n<p>K\u0101p\u0113c sare\u017e\u0123\u012bt sev dz\u012bvi ar parastajiem un smagajiem ratiem? Leclerc Baby rati ir \u013coti vienk\u0101r\u0161i lietojami, un tos var saloc\u012bt un atv\u0113rt ar vienu rokas kust\u012bbu. T\u0101d\u0101 veid\u0101 ar vienu roku var tur\u0113t kl\u0113p\u012b b\u0113rnu, bet ar otru sagatavot rati\u0146us.<\/p>\n<p>Rati salok\u0101s un atloc\u0101s tikai ar vienu kust\u012bbu un gravit\u0101cijas pal\u012bdz\u012bbu. M\u0113s neesam izmantoju\u0161i trauslas atsperes vai pneimatisk\u0101s riepas, t\u0101p\u0113c visa sist\u0113ma ir iztur\u012bga un iztur\u012bga, un, protams, uz to attiecas ar\u012b m\u016bsu garantija.<\/p>\n<\/div><div  class=\"column one-half last-col  col7 no-anim\" ><img loading=\"lazy\" decoding=\"async\" class=\"lazy\" src=\"data:image\/gif;base64,R0lGODlhAQABAIAAAP\/\/\/wAAACH5BAEAAAAALAAAAAABAAEAAAICRAEAOw==\" alt=\"64730-79660_influencer-animatie-v2_(2)_(1)\" data-src=\"https:\/\/leclercbaby.ee\/wp-content\/uploads\/2022\/08\/64730-79660_influencer-animatie-v2_2_1.webp\" width=\"300\" height=\"250\"><\/div><\/div><\/div><div class=\"spacer spacer-big \"><\/div>\n<h2 style=\"text-align: center;\"><strong>Influencer XL ratu lab\u0101k\u0101s \u012bpa\u0161\u012bbas:<\/strong><\/h2>\n<div class=\"spacer spacer-small \"><\/div><div class=\"wrapper\"><div  class=\"column-section clearfix spaced-normal  col-align-top no-anim\"><div  class=\"column one-third   col8 no-anim\" >\n<ul>\n<li style=\"text-align: left;\">Drosm\u012bgs dizains<\/li>\n<li>Uzman\u012bbu piesaisto\u0161i materi\u0101li<\/li>\n<\/ul>\n<\/div><div  class=\"column one-third   col9 no-anim\" >\n<ul>\n<li>Piem\u0113roti gandr\u012bz no dzim\u0161anas l\u012bdz pat b\u0113rnud\u0101rznieka vecumam.<\/li>\n<li>Apr\u012bkoti ar vis\u0101m nepiecie\u0161amajam funkcij\u0101m un \u0113rt\u012bbu.<\/li>\n<\/ul>\n<\/div><div  class=\"column one-third last-col  col10 no-anim\" >\n<ul>\n<li>Atbilst j\u016bsu dz\u012bvesveidam.<\/li>\n<li>Lieli rite\u0146i.<\/li>\n<\/ul>\n<\/div><\/div><\/div><div class=\"spacer spacer-medium \"><\/div><div class=\"wrapper\"><div  class=\"column-section clearfix spaced-normal  col-align-top no-anim\"><div  class=\"column one-third   col11 no-anim\" ><img loading=\"lazy\" decoding=\"async\" class=\"lazy\" src=\"data:image\/gif;base64,R0lGODlhAQABAIAAAP\/\/\/wAAACH5BAEAAAAALAAAAAABAAEAAAICRAEAOw==\" alt=\"01. Army green influencer XL\" data-src=\"https:\/\/leclercbaby.ee\/wp-content\/uploads\/2022\/08\/01.-Army-green-influencer-XL-scaled.jpg\" width=\"1920\" height=\"2560\"><\/div><div  class=\"column one-third   col12 no-anim\" ><img loading=\"lazy\" decoding=\"async\" class=\"lazy\" src=\"data:image\/gif;base64,R0lGODlhAQABAIAAAP\/\/\/wAAACH5BAEAAAAALAAAAAABAAEAAAICRAEAOw==\" alt=\"03. Influencer XL on stairs\" data-src=\"https:\/\/leclercbaby.ee\/wp-content\/uploads\/2022\/08\/03.-Influencer-XL-on-stairs-scaled.jpg\" width=\"1920\" height=\"2560\"><\/div><div  class=\"column one-third last-col  col13 no-anim\" ><img loading=\"lazy\" decoding=\"async\" class=\"lazy\" src=\"data:image\/gif;base64,R0lGODlhAQABAIAAAP\/\/\/wAAACH5BAEAAAAALAAAAAABAAEAAAICRAEAOw==\" alt=\"with child folded at stairs\" data-src=\"https:\/\/leclercbaby.ee\/wp-content\/uploads\/2022\/08\/with-child-folded-at-stairs-scaled.jpg\" width=\"1920\" height=\"2560\"><\/div><\/div><\/div><div class=\"spacer spacer-small \"><\/div>\n<h2 style=\"padding-left: 40px;\"><strong>Influencer XL rati\u0146u specifik\u0101cijas<\/strong><\/h2>\n<ul>\n<li style=\"list-style-type: none;\">\n<ul>\n<li>\u2022 Svars: 8,1 kg<\/li>\n<li>\u2022 Maks. s\u0113dek\u013ca svars: 22 kg<\/li>\n<li>\u2022 Maks. iepirkumu groza svars: 3 kg<\/li>\n<li>\u2022 Augstums atloc\u012bt\u0101 st\u0101vokl\u012b: 104 cm<\/li>\n<li>\u2022 Dzi\u013cums atloc\u012bt\u0101 st\u0101vokl\u012b: 63 cm<\/li>\n<li>\u2022 Platums atloc\u012bt\u0101 st\u0101vokl\u012b: 51 cm<\/li>\n<li>\u2022 Augstums saloc\u012bt\u0101 st\u0101vokl\u012b: 60 cm<\/li>\n<li>\u2022 Dzi\u013cums saloc\u012bt\u0101 st\u0101vokl\u012b: 24 cm<\/li>\n<li>\u2022 Platums saloc\u012bt\u0101 st\u0101vokl\u012b: 45 cm<\/li>\n<li>\u2022 R\u0101mja materi\u0101ls: Alum\u012bnija pulvera apvalks<\/li>\n<li>\u2022 Pieejam\u0101s kr\u0101sas: Armijas za\u013ca un melni br\u016bna<\/li>\n<\/ul>\n<\/li>\n<\/ul>\n<div class=\"spacer spacer-small \"><\/div>\n<h2 style=\"padding-left: 40px;\"><strong>Kas ir iek\u013cauts komplekt\u0101cij\u0101?<\/strong><\/h2>\n<ul>\n<li style=\"list-style-type: none;\">\n<ul>\n<li>&#8211; Influencer rati\u0146i, tostarp saules aizsargs<\/li>\n<li>&#8211; Dro\u0161\u012bbas stienis<\/li>\n<li>&#8211; Ce\u013cojumu soma<\/li>\n<\/ul>\n<\/li>\n<\/ul>\n<div class=\"spacer spacer-small \"><\/div>\n<h2 style=\"text-align: center;\">Modelim Influencer XL ir pieejami sader\u012bgi aksesu\u0101ri:<\/h2>\n<p style=\"text-align: center;\"><em>Ar Leclerc Baby j\u016bs ieg\u016bstat maksim\u0101lu labumu no saviem rati\u0146iem<\/em><\/p>\n<div class=\"spacer spacer-small \"><\/div><div class=\"wrapper\"><div  class=\"column-section clearfix spaced-normal  col-align-top no-anim\"><div  class=\"column one-third   col14 no-anim\" ><img loading=\"lazy\" decoding=\"async\" class=\"lazy\" src=\"data:image\/gif;base64,R0lGODlhAQABAIAAAP\/\/\/wAAACH5BAEAAAAALAAAAAABAAEAAAICRAEAOw==\" alt=\"Leclerc Baby m\u00e4hkmekott\" data-src=\"https:\/\/leclercbaby.ee\/wp-content\/uploads\/2022\/03\/Leclerc-Baby-mahkmekott.jpg\" width=\"2500\" height=\"2500\"><\/div><div  class=\"column one-third   col15 no-anim\" ><img loading=\"lazy\" decoding=\"async\" class=\"lazy\" src=\"data:image\/gif;base64,R0lGODlhAQABAIAAAP\/\/\/wAAACH5BAEAAAAALAAAAAABAAEAAAICRAEAOw==\" alt=\"Leclerc Baby soojakott Polar Army Green\" data-src=\"https:\/\/leclercbaby.ee\/wp-content\/uploads\/2022\/03\/Leclerc-Baby-soojakott-Polar-Army-Green.jpg\" width=\"750\" height=\"750\"><\/div><div  class=\"column one-third last-col  col16 no-anim\" ><img loading=\"lazy\" decoding=\"async\" class=\"lazy\" src=\"data:image\/gif;base64,R0lGODlhAQABAIAAAP\/\/\/wAAACH5BAEAAAAALAAAAAABAAEAAAICRAEAOw==\" alt=\"Leclerc Baby vankrikorv Army Green\" data-src=\"https:\/\/leclercbaby.ee\/wp-content\/uploads\/2022\/03\/Vankrikorv-Army-Green.jpg\" width=\"2500\" height=\"2500\"><\/div><\/div><\/div><div class=\"wrapper\"><div  class=\"column-section clearfix spaced-normal  col-align-top no-anim\"><div  class=\"column one-full last-col  col17 no-anim\" >\n<h2 style=\"padding-left: 80px; text-align: center;\"><a href=\"https:\/\/leclercbaby.ee\/shop\/?product-cato=121\" class=\"sr-button style-1 button-normal\" target=\"_blank\"><span class=\"text\">\n\t\t\t<span>APSKATIET AKSESU\u0100RI \u0160EIT<\/span>\n\t\t\t<span>APSKATIET AKSESU\u0100RI \u0160EIT<\/span>\n\t\t<\/span><\/a><\/h2>\n<\/div><\/div><\/div><div class=\"spacer spacer-medium \"><\/div>\n","protected":false},"excerpt":{"rendered":"<p>Influencer XL rati\u0146i &#8211; Iepaz\u012bstin\u0101m ar jaunajiem Influencer XL Biju \u013coti p\u0101rsteigta, cik stabili un \u0113rti manam b\u0113rnam ir Influencer XL rati\u0146i pat tad, kad braucam pa nebru\u0123\u0113tiem ce\u013ciem un izvirz\u012btam koku sakn\u0113m -Lina Influencer XL ratu lab\u0101k\u0101s \u012bpa\u0161\u012bbas: Influencer XL rati\u0146u specifik\u0101cijas \u2022 Svars: 8,1 kg \u2022 Maks. s\u0113dek\u013ca svars: 22 kg \u2022 Maks. [&hellip;]<\/p>\n","protected":false},"author":4,"featured_media":0,"parent":0,"menu_order":0,"comment_status":"closed","ping_status":"closed","template":"","meta":{"footnotes":""},"class_list":["post-5534","page","type-page","status-publish","hentry","isotope-item"],"jetpack_sharing_enabled":true,"_links":{"self":[{"href":"https:\/\/leclercbaby.ee\/lv\/wp-json\/wp\/v2\/pages\/5534","targetHints":{"allow":["GET"]}}],"collection":[{"href":"https:\/\/leclercbaby.ee\/lv\/wp-json\/wp\/v2\/pages"}],"about":[{"href":"https:\/\/leclercbaby.ee\/lv\/wp-json\/wp\/v2\/types\/page"}],"author":[{"embeddable":true,"href":"https:\/\/leclercbaby.ee\/lv\/wp-json\/wp\/v2\/users\/4"}],"replies":[{"embeddable":true,"href":"https:\/\/leclercbaby.ee\/lv\/wp-json\/wp\/v2\/comments?post=5534"}],"version-history":[{"count":1,"href":"https:\/\/leclercbaby.ee\/lv\/wp-json\/wp\/v2\/pages\/5534\/revisions"}],"predecessor-version":[{"id":5535,"href":"https:\/\/leclercbaby.ee\/lv\/wp-json\/wp\/v2\/pages\/5534\/revisions\/5535"}],"wp:attachment":[{"href":"https:\/\/leclercbaby.ee\/lv\/wp-json\/wp\/v2\/media?parent=5534"}],"curies":[{"name":"wp","href":"https:\/\/api.w.org\/{rel}","templated":true}]}}