{"id":5504,"date":"2022-09-22T15:14:44","date_gmt":"2022-09-22T15:14:44","guid":{"rendered":"https:\/\/leclercbaby.ee\/kampana-influencer-xl-rati-nak-ar-veja-aizsargu\/"},"modified":"2022-09-28T07:44:02","modified_gmt":"2022-09-28T07:44:02","slug":"kampana-influencer-xl-rati-nak-ar-veja-aizsargu","status":"publish","type":"page","link":"https:\/\/leclercbaby.ee\/lv\/kampana-influencer-xl-rati-nak-ar-veja-aizsargu\/","title":{"rendered":"Kampa\u0146a \u201cInfluencer XL rati n\u0101k ar v\u0113ja aizsargu &#8220;"},"content":{"rendered":"<div class=\"wrapper\"><div  class=\"column-section clearfix spaced-normal  col-align-top no-anim\"><div  class=\"column one-full last-col  col1 no-anim\" ><img loading=\"lazy\" decoding=\"async\" class=\"lazy\" src=\"data:image\/gif;base64,R0lGODlhAQABAIAAAP\/\/\/wAAACH5BAEAAAAALAAAAAABAAEAAAICRAEAOw==\" alt=\"Influencer XL Kingitusega\" data-src=\"https:\/\/leclercbaby.ee\/wp-content\/uploads\/2022\/09\/Influencer-XL-Kingitusega.png\" width=\"1440\" height=\"800\"><\/div><\/div><\/div>\n<h2 style=\"text-align: center;\">Influencer XL rati n\u0101k ar v\u0113ja aizsargu<\/h2>\n<div class=\"spacer spacer-medium \"><\/div><div class=\"wrapper\"><div  class=\"column-section clearfix spaced-normal  col-align-top no-anim\"><div  class=\"column one-full last-col  col2 no-anim\" >\n<h3 style=\"text-align: center;\">Kampa\u0146as period\u0101 (23.09.-31.10.) ieg\u0101d\u0101joties Influencer XL ratus , sa\u0146em d\u0101van\u0101 v\u0113ja aizsargu 55\u20acv\u0113rt\u012bb\u0101!<\/h3>\n<p>&nbsp;<\/p>\n<p>Influencer XL rati\u0146i &#8211; Iepaz\u012bstin\u0101m ar jaunajiem Influencer XL Influencer XL paver pla\u0161\u0101ku skatu uz dz\u012bvi. Tas ir Influencer rati\u0146u lielais br\u0101lis, kas izce\u013cas p\u016bl\u012b. T\u0101pat k\u0101 ar Influencer, j\u016bs savus Influencer XL varat saloc\u012bt un atloc\u012bt nieka 1,5 sekund\u0113s, nospie\u017eot tikai vienu pogu!<\/p>\n<p>Rati\u0146iem ir liel\u0101ki riten\u012b\u0161i, \u013caujot jums ar b\u0113rnu pastaig\u0101ties pa reljefu un izp\u0113t\u012bt dabu. Rati\u0146iem ir liel\u0101ki riten\u012b\u0161i, \u013caujot jums ar b\u0113rnu pastaig\u0101ties pa reljefu un izp\u0113t\u012bt dabu. Pateicoties liel\u0101kiem riten\u012b\u0161iem, vair\u0101k vietas pamatn\u0113 un unik\u0101lajam saloc\u012b\u0161anas meh\u0101nismam, Influencer XL rati\u0146i ir izcili piem\u0113roti ce\u013co\u0161anai, pils\u0113tas dz\u012bvei, pastaig\u0101m dab\u0101 un da\u017e\u0101diem reljefiem. S\u0113deklim ir m\u012bksts polster\u0113jums, lai j\u016bsu b\u0113rnam b\u016btu \u0113rti, kas ir izcili piem\u0113roti ar\u012b ilg\u0101kiem braucieniem.<\/p>\n<p>Iek\u013cauts ce\u013cojumu soma<\/p>\n<\/div><\/div><\/div><div class=\"wrapper\"><div  class=\"column-section clearfix spaced-normal  col-align-top no-anim\"><div  class=\"column one-third   col3 no-anim\" >\n<p>&nbsp;<\/p>\n<h2 style=\"padding-left: 80px; text-align: center;\"><a href=\"https:\/\/leclercbaby.ee\/edasimuujad\" class=\"sr-button style-1 button-normal\" target=\"_blank\"><span class=\"text\">\n\t\t\t<span>P\u0100RST\u0100VJIEM APSKAT\u012aT \u0160EIT<\/span>\n\t\t\t<span>P\u0100RST\u0100VJIEM APSKAT\u012aT \u0160EIT<\/span>\n\t\t<\/span><\/a><\/h2>\n<p style=\"text-align: center;\">\n<\/div><div  class=\"column one-third   col4 no-anim\" >\n<p>&nbsp;<\/p>\n<h2 style=\"padding-left: 80px; text-align: center;\"><a href=\"https:\/\/leclercbaby.ee\/influencer-xl\/\" class=\"sr-button style-1 button-normal\" target=\"_blank\"><span class=\"text\">\n\t\t\t<span>INFLUENCER XL RATIEM VARI LAS\u012aT \u0160EIT<\/span>\n\t\t\t<span>INFLUENCER XL RATIEM VARI LAS\u012aT \u0160EIT<\/span>\n\t\t<\/span><\/a><\/h2>\n<p style=\"text-align: center;\">\n<\/div><div  class=\"column one-third last-col  col5 no-anim\" >\n<p>&nbsp;<\/p>\n<h2 style=\"padding-left: 80px; text-align: center;\"><a href=\"https:\/\/leclercbaby.ee\/toode\/influencer-xl-jalutuskaru\/\" class=\"sr-button style-1 button-normal\" target=\"_blank\"><span class=\"text\">\n\t\t\t<span>IEP\u0112RCIETIES \u0160EIT<\/span>\n\t\t\t<span>IEP\u0112RCIETIES \u0160EIT<\/span>\n\t\t<\/span><\/a><\/h2>\n<p style=\"text-align: center;\">\n<\/div><\/div><\/div><div class=\"spacer spacer-medium \"><\/div><div class=\"wrapper\"><div  class=\"column-section clearfix spaced-normal  col-align-top no-anim\"><div  class=\"column one-third   col6 no-anim\" ><img loading=\"lazy\" decoding=\"async\" class=\"lazy\" src=\"data:image\/gif;base64,R0lGODlhAQABAIAAAP\/\/\/wAAACH5BAEAAAAALAAAAAABAAEAAAICRAEAOw==\" alt=\"IDV_Leclerc_IGpost_august edited\" data-src=\"https:\/\/leclercbaby.ee\/wp-content\/uploads\/2022\/09\/IDV_Leclerc_IGpost_august-edited.jpg\" width=\"1920\" height=\"2560\"><\/div><div  class=\"column one-third   col7 no-anim\" ><img loading=\"lazy\" decoding=\"async\" class=\"lazy\" src=\"data:image\/gif;base64,R0lGODlhAQABAIAAAP\/\/\/wAAACH5BAEAAAAALAAAAAABAAEAAAICRAEAOw==\" alt=\"03. Influencer XL on stairs\" data-src=\"https:\/\/leclercbaby.ee\/wp-content\/uploads\/2022\/08\/03.-Influencer-XL-on-stairs-scaled.jpg\" width=\"1920\" height=\"2560\"><\/div><div  class=\"column one-third last-col  col8 no-anim\" ><img loading=\"lazy\" decoding=\"async\" class=\"lazy\" src=\"data:image\/gif;base64,R0lGODlhAQABAIAAAP\/\/\/wAAACH5BAEAAAAALAAAAAABAAEAAAICRAEAOw==\" alt=\"IDV INF XL &#8211; mom daughter 2\" data-src=\"https:\/\/leclercbaby.ee\/wp-content\/uploads\/2022\/09\/IDV-INF-XL-mom-daughter-2.png\" width=\"1920\" height=\"2560\"><\/div><\/div><\/div><div class=\"spacer spacer-medium \"><\/div>\n","protected":false},"excerpt":{"rendered":"<p>Influencer XL rati n\u0101k ar v\u0113ja aizsargu<\/p>\n","protected":false},"author":4,"featured_media":0,"parent":0,"menu_order":0,"comment_status":"closed","ping_status":"closed","template":"","meta":{"footnotes":""},"class_list":["post-5504","page","type-page","status-publish","hentry","isotope-item"],"jetpack_sharing_enabled":true,"_links":{"self":[{"href":"https:\/\/leclercbaby.ee\/lv\/wp-json\/wp\/v2\/pages\/5504","targetHints":{"allow":["GET"]}}],"collection":[{"href":"https:\/\/leclercbaby.ee\/lv\/wp-json\/wp\/v2\/pages"}],"about":[{"href":"https:\/\/leclercbaby.ee\/lv\/wp-json\/wp\/v2\/types\/page"}],"author":[{"embeddable":true,"href":"https:\/\/leclercbaby.ee\/lv\/wp-json\/wp\/v2\/users\/4"}],"replies":[{"embeddable":true,"href":"https:\/\/leclercbaby.ee\/lv\/wp-json\/wp\/v2\/comments?post=5504"}],"version-history":[{"count":1,"href":"https:\/\/leclercbaby.ee\/lv\/wp-json\/wp\/v2\/pages\/5504\/revisions"}],"predecessor-version":[{"id":5505,"href":"https:\/\/leclercbaby.ee\/lv\/wp-json\/wp\/v2\/pages\/5504\/revisions\/5505"}],"wp:attachment":[{"href":"https:\/\/leclercbaby.ee\/lv\/wp-json\/wp\/v2\/media?parent=5504"}],"curies":[{"name":"wp","href":"https:\/\/api.w.org\/{rel}","templated":true}]}}