{"id":5996,"date":"2022-03-06T21:44:55","date_gmt":"2022-03-06T21:44:55","guid":{"rendered":"https:\/\/leclercbaby.ee\/toode\/influencer-vezimelio-komplektas-black-brown\/"},"modified":"2023-01-17T12:13:16","modified_gmt":"2023-01-17T12:13:16","slug":"influencer-vezimelio-komplektas-black-brown","status":"publish","type":"product","link":"https:\/\/leclercbaby.ee\/lt\/toode\/influencer-vezimelio-komplektas-black-brown\/","title":{"rendered":"Influencer ve\u017eim\u0117lio komplektas &#8211; Black Brown"},"content":{"rendered":"<p>Sutaupysite 76\u20ac, nes nereik\u0117s atskirai pirkti sportinio v\u0117\u017eim\u0117lio, ne\u0161iojamojo lop\u0161io ir adapteri\u0173<br data-sanitized-data-mce-fragment=\"1\"><br data-sanitized-data-mce-fragment=\"1\">Lengvai paverskite savo \u201eLeclerc Baby Influencer\u201c naujagimio v\u0117\u017eim\u0117liu pasinaudodami \u201eLeclerc Baby Carrycot\u201c ne\u0161iojamuoju lop\u0161iu.<br data-sanitized-data-mce-fragment=\"1\"><br data-sanitized-data-mce-fragment=\"1\">\u201eLeclerc Baby lop\u0161ys\u201c ne\u0161iojamasis lop\u0161ys pamink\u0161tintas, erdvus ir labai patogus naujagimiui. Permatomas skydelis apsaugo k\u016bdik\u012f nuo kaitros ir leid\u017eia t\u0117vams matyti vaik\u0105. K\u016bdikis gal\u0117s d\u017eiaugtis \u0161iltomis vasaros dienomis. Ne\u0161iojamajame lop\u0161yje yra pamink\u0161tintas \u010diu\u017einys, prijuost\u0117 ir v\u0117dinamas pagrindas, tad gal\u0117site lengvai leistis su k\u016bdikiu \u012f i\u0161vykas. Ne\u0161iojam\u0105j\u012f lop\u0161\u012f lengva transportuoti greitai ir lengvai sukleidus \u012f visi\u0161kai plok\u0161\u010di\u0105 lent\u0105.<br data-sanitized-data-mce-fragment=\"1\"><br data-sanitized-data-mce-fragment=\"1\">Pritvirtinkite ne\u0161iojam\u0105j\u012f lop\u0161\u012f prie savo \u201eInfluencer ve\u017eim\u0117lio\u201c prid\u0117tais rinkinyje ne\u0161iojamojo lop\u0161io adapteriais.<br data-sanitized-data-mce-fragment=\"1\"><br data-sanitized-data-mce-fragment=\"1\"><strong>Kas d\u0117\u017e\u0117je?<\/strong><br data-sanitized-data-mce-fragment=\"1\">&#8211; Danga nuo lietaus<br data-sanitized-data-mce-fragment=\"1\">&#8211; Puodelio laikiklis<br data-sanitized-data-mce-fragment=\"1\">&#8211; Priekinis lankelis<br data-sanitized-data-mce-fragment=\"1\">&#8211; Kelioninis krep\u0161ys<br data-sanitized-data-mce-fragment=\"1\">&#8211; Ne\u0161iojamasis lop\u0161ys<br data-sanitized-data-mce-fragment=\"1\">&#8211; Ne\u0161iojamojo lop\u0161io adapteriai<br data-sanitized-data-mce-fragment=\"1\"><br data-sanitized-data-mce-fragment=\"1\"><strong>\u201eInfluencer\u201c sportinio v\u0117\u017eim\u0117lio privalumai:<\/strong><br data-sanitized-data-mce-fragment=\"1\">&#8211; Paprastas dizainas<br data-sanitized-data-mce-fragment=\"1\">&#8211; Dailios med\u017eiagos<br data-sanitized-data-mce-fragment=\"1\">&#8211; Sukurta j\u016bs\u0173 gyvenimo stiliui<br data-sanitized-data-mce-fragment=\"1\">&#8211; Nuo 6 m\u0117nesi\u0173 iki keleri\u0173 met\u0173<br data-sanitized-data-mce-fragment=\"1\">&#8211; Labai patogus ir funkcionalus<br data-sanitized-data-mce-fragment=\"1\">&#8211; Vos palietus automati\u0161kai sulankstoma v\u0117\u017eim\u0117lio sistema<br data-sanitized-data-mce-fragment=\"1\"><br data-sanitized-data-mce-fragment=\"1\">Kam vargti su tradiciniais sud\u0117tingais ir sunkiais v\u0117\u017eim\u0117liais? \u201eLeclerc Baby\u201c v\u0117\u017eim\u0117lius nepaprastai lengva naudoti \u2013 jie sulankstomi ir i\u0161lankstomi viena ranka. Tad vienu metu atliksite kelis darbus \u2013 laikysite k\u016bdik\u012f, o kita ranka paruo\u0161ite v\u0117\u017eim\u0117l\u012f.<br data-sanitized-data-mce-fragment=\"1\"><br data-sanitized-data-mce-fragment=\"1\">Vos palietus, v\u0117\u017eim\u0117lis automati\u0161kai i\u0161lankstomas veikiant traukai. N\u0117ra trapi\u0173 spyruokli\u0173 ir nenaudojamas oro sl\u0117gis, tod\u0117l sistema stipri ir patvari, ir, \u017einoma, jai taikome garantij\u0105.<br data-sanitized-data-mce-fragment=\"1\"><br data-sanitized-data-mce-fragment=\"1\"><strong>Patogu jums ir j\u016bs\u0173 k\u016bdikiui:<\/strong><br data-sanitized-data-mce-fragment=\"1\">&#8211; Gaubtas \/ stogelis nuo saul\u0117s su magnetiniu atvartu<br data-sanitized-data-mce-fragment=\"1\">&#8211; Reguliuojamas 3 pozicij\u0173 atlo\u0161as (\u012fskaitant miegojimo pozicij\u0105)<br data-sanitized-data-mce-fragment=\"1\">&#8211; Reguliuojama koj\u0173 atrama<br data-sanitized-data-mce-fragment=\"1\"><br data-sanitized-data-mce-fragment=\"1\"><strong>Lengva naudoti:<\/strong><br data-sanitized-data-mce-fragment=\"1\">&#8211; Nuimamas priekinis lankelis<br data-sanitized-data-mce-fragment=\"1\">&#8211; Magnetinis 5 ta\u0161k\u0173 saugos dir\u017eas, kad lengvai pasiektum\u0117te vaik\u0105<br data-sanitized-data-mce-fragment=\"1\">&#8211; Pakaba ant vis\u0173 rat\u0173<br data-sanitized-data-mce-fragment=\"1\">&#8211; Didelis kojinis stabdys<br data-sanitized-data-mce-fragment=\"1\">&#8211; Sauskelni\u0173 krep\u0161io tvirtinimo ta\u0161kai<br data-sanitized-data-mce-fragment=\"1\"><br data-sanitized-data-mce-fragment=\"1\"><strong>Apsauga nuo oro s\u0105lyg\u0173:<\/strong><br data-sanitized-data-mce-fragment=\"1\">&#8211; Pailgintas gaubtas \/ stogelis nuo saul\u0117s su 50+ SPF<br data-sanitized-data-mce-fragment=\"1\">&#8211; 600D nelaid\u016bs vandeniui audiniai<br data-sanitized-data-mce-fragment=\"1\"><br data-sanitized-data-mce-fragment=\"1\"><strong>Kokybi\u0161kos med\u017eiagos:<\/strong><br data-sanitized-data-mce-fragment=\"1\">&#8211; Dirbtin\u0117s odos rankena ir priekinis lankelis<br data-sanitized-data-mce-fragment=\"1\">&#8211; Kelioninis krep\u0161ys<br data-sanitized-data-mce-fragment=\"1\">&#8211; 100 % PU ratai ir daugiau pried\u0173<\/p>\n","protected":false},"excerpt":{"rendered":"<p>I\u0161siskirkite i\u0161 minios&#8230;<br data-sanitized-data-mce-fragment=\"1\"><br data-sanitized-data-mce-fragment=\"1\">\u201eSand\u201c, \u201eChocolate\u201c ir \u201eRose\u201c spalv\u0173 akcentais papuo\u0161tas \u201eLeclerc Baby Influencer\u201c tikrai diktuoja rinkos madas. Tai nuostabi\u0173 spalv\u0173, daili\u0173 med\u017eiag\u0173 derinys su ypa\u010d patogiu \u201eOneTouch\u201c automati\u0161kai sulankstomu mechanizmu. M\u016bs\u0173 nauja \u201eInfluencer\u201c linija si\u016blo keturis madingo dizaino modelius su patraukian\u010diais ak\u012f juodos ar metalo spalvos r\u0117mais. \u201eInfluencer komplektas\u201c galima naudoti nuo gimimo iki ma\u017edaug 4 met\u0173 am\u017eiaus.<\/p>\n","protected":false},"featured_media":4743,"comment_status":"open","ping_status":"closed","template":"","meta":[],"product_brand":[],"product_cat":[15],"product_tag":[],"class_list":{"0":"post-5996","1":"product","2":"type-product","3":"status-publish","4":"has-post-thumbnail","6":"product_cat-maaramata","7":"shop-item","8":"isotope-item","10":"first","11":"instock","12":"taxable","13":"shipping-taxable","14":"product-type-simple"},"jetpack_sharing_enabled":true,"_links":{"self":[{"href":"https:\/\/leclercbaby.ee\/lt\/wp-json\/wp\/v2\/product\/5996","targetHints":{"allow":["GET"]}}],"collection":[{"href":"https:\/\/leclercbaby.ee\/lt\/wp-json\/wp\/v2\/product"}],"about":[{"href":"https:\/\/leclercbaby.ee\/lt\/wp-json\/wp\/v2\/types\/product"}],"replies":[{"embeddable":true,"href":"https:\/\/leclercbaby.ee\/lt\/wp-json\/wp\/v2\/comments?post=5996"}],"wp:featuredmedia":[{"embeddable":true,"href":"https:\/\/leclercbaby.ee\/lt\/wp-json\/wp\/v2\/media\/4743"}],"wp:attachment":[{"href":"https:\/\/leclercbaby.ee\/lt\/wp-json\/wp\/v2\/media?parent=5996"}],"wp:term":[{"taxonomy":"product_brand","embeddable":true,"href":"https:\/\/leclercbaby.ee\/lt\/wp-json\/wp\/v2\/product_brand?post=5996"},{"taxonomy":"product_cat","embeddable":true,"href":"https:\/\/leclercbaby.ee\/lt\/wp-json\/wp\/v2\/product_cat?post=5996"},{"taxonomy":"product_tag","embeddable":true,"href":"https:\/\/leclercbaby.ee\/lt\/wp-json\/wp\/v2\/product_tag?post=5996"}],"curies":[{"name":"wp","href":"https:\/\/api.w.org\/{rel}","templated":true}]}}