{"id":6058,"date":"2022-03-06T21:44:55","date_gmt":"2022-03-06T21:44:55","guid":{"rendered":"https:\/\/leclercbaby.ee\/toode\/influencer-yhdistelmavaunut-black-brown\/"},"modified":"2023-01-24T09:41:10","modified_gmt":"2023-01-24T09:41:10","slug":"influencer-yhdistelmavaunut-black-brown","status":"publish","type":"product","link":"https:\/\/leclercbaby.ee\/fi\/toode\/influencer-yhdistelmavaunut-black-brown\/","title":{"rendered":"Influencer Bundle yhdistelm\u00e4vaunut &#8211; Black Brown"},"content":{"rendered":"<p>S\u00e4\u00e4st\u00e4 76 euroa sen sijaan ett\u00e4 ostaisit rattaat, vaunukopan ja sovittimet erikseen.<br data-sanitized-data-mce-fragment=\"1\"><br data-sanitized-data-mce-fragment=\"1\">Leclerc Baby -vaunukopalla muutat Leclerc Baby Influencer -rattaat helposti vastasyntyneelle sopiviksi vaunuiksi.<br data-sanitized-data-mce-fragment=\"1\"><br data-sanitized-data-mce-fragment=\"1\">Leclerc Baby -vaunukoppa on hyvin pehmustettu ja tilava, joten vauvan on mukava olla siin\u00e4. Verkko varmistaa ilmanvaihdon sis\u00e4puolella, ja lapsi on my\u00f6s aina n\u00e4kyviss\u00e4. Lapsesi voi nauttia l\u00e4mpimist\u00e4 kes\u00e4p\u00e4ivist\u00e4. Kopassa on pehmustettu patja, toppapussi ja ilmanvaihdolla varustettu alusta, joten lapsen voi ottaa helposti mukaan. Kopan reunat voi laskea helposti alas k\u00e4tev\u00e4\u00e4 kuljetusta varten.<br data-sanitized-data-mce-fragment=\"1\"><br data-sanitized-data-mce-fragment=\"1\">Laita koppa Influencer-rattaisiin yhdistelm\u00e4vaunujen mukana tulevilla sovittimilla.<br data-sanitized-data-mce-fragment=\"1\"><br data-sanitized-data-mce-fragment=\"1\"><strong>Laatikon sis\u00e4lt\u00f6<\/strong><br data-sanitized-data-mce-fragment=\"1\">&#8211; Sadesuoja<br data-sanitized-data-mce-fragment=\"1\">&#8211; Mukinpidike<br data-sanitized-data-mce-fragment=\"1\">&#8211; Etukaari<br data-sanitized-data-mce-fragment=\"1\">&#8211; S\u00e4ilytyspussi<br data-sanitized-data-mce-fragment=\"1\">&#8211; Vaunukoppa<br data-sanitized-data-mce-fragment=\"1\">&#8211; Vaunukopan sovittimet<br data-sanitized-data-mce-fragment=\"1\"><br data-sanitized-data-mce-fragment=\"1\"><strong>Influencer-rattaiden edut :<\/strong><br data-sanitized-data-mce-fragment=\"1\">&#8211; J\u00e4nnitt\u00e4v\u00e4 design<br data-sanitized-data-mce-fragment=\"1\">&#8211; N\u00e4ytt\u00e4v\u00e4t materiaalit<br data-sanitized-data-mce-fragment=\"1\">&#8211; Suunniteltu tyylikk\u00e4\u00e4seen arkeen<br data-sanitized-data-mce-fragment=\"1\">&#8211; Sopii 6 kk:sta taaperoik\u00e4\u00e4n<br data-sanitized-data-mce-fragment=\"1\">&#8211; T\u00e4ydellist\u00e4 k\u00e4ytt\u00f6mukavuutta ja toimivuutta<br data-sanitized-data-mce-fragment=\"1\">&#8211; Yhden painalluksen automaattinen taittomekanismi<br data-sanitized-data-mce-fragment=\"1\"><br data-sanitized-data-mce-fragment=\"1\">Miksi valitsisit hankalat ja painavat perinteiset rattaat? Leclerc Baby -rattaat ovat superhelpot k\u00e4ytt\u00e4\u00e4, ja ne voidaan taittaa kokoon ja avata yhdell\u00e4 k\u00e4dell\u00e4. Multitaskaaminen eli tuttu rattaiden avaaminen vauva kainalossa onnistuu helposti.<br data-sanitized-data-mce-fragment=\"1\"><br data-sanitized-data-mce-fragment=\"1\">Rattaat taittuvat kokoon automaattisesti yhdell\u00e4 painalluksella painovoiman ansiosta. Ei herk\u00e4sti rikkoontuvia jousia tai paineilmaa, joten j\u00e4rjestelm\u00e4 on sek\u00e4 lujatekoinen ett\u00e4 kest\u00e4v\u00e4, ja tietysti sill\u00e4 on my\u00f6s takuu.<br data-sanitized-data-mce-fragment=\"1\"><br data-sanitized-data-mce-fragment=\"1\"><strong>Mukavuutta sinulle ja lapsellesi:<\/strong><br data-sanitized-data-mce-fragment=\"1\">&#8211; Kuomu\/aurinkosuoja magneettil\u00e4p\u00e4ll\u00e4<br data-sanitized-data-mce-fragment=\"1\">&#8211; 3 asentoon s\u00e4\u00e4dett\u00e4v\u00e4 selk\u00e4noja (voidaan laskea my\u00f6s kokonaan alas)<br data-sanitized-data-mce-fragment=\"1\">&#8211; S\u00e4\u00e4dett\u00e4v\u00e4 jalkatuki<br data-sanitized-data-mce-fragment=\"1\"><br data-sanitized-data-mce-fragment=\"1\"><strong>Helppo k\u00e4ytt\u00e4\u00e4:<\/strong><br data-sanitized-data-mce-fragment=\"1\">&#8211; Irrotettava etukaari<br data-sanitized-data-mce-fragment=\"1\">&#8211; Lapsi on helppo laittaa ja ottaa pois rattaista magneetilla varustettujen 5-pisteturvavaljaiden ansiosta<br data-sanitized-data-mce-fragment=\"1\">&#8211; Jousitetut py\u00f6r\u00e4t<br data-sanitized-data-mce-fragment=\"1\">&#8211; Reilun kokoinen jarrupoljin<br data-sanitized-data-mce-fragment=\"1\">&#8211; Hoitokassin kiinnikkeet<br data-sanitized-data-mce-fragment=\"1\"><br data-sanitized-data-mce-fragment=\"1\"><strong>Suojaa s\u00e4\u00e4lt\u00e4:<\/strong><br data-sanitized-data-mce-fragment=\"1\">&#8211; Tavanomaista pidempi kuomu\/aurinkosuoja 50+ SPF-suojakertoimella<br data-sanitized-data-mce-fragment=\"1\">&#8211; 600D vett\u00e4 hylkiv\u00e4 kangas<br data-sanitized-data-mce-fragment=\"1\"><br data-sanitized-data-mce-fragment=\"1\"><strong>Laadukkaat materiaalit:<\/strong><br data-sanitized-data-mce-fragment=\"1\">&#8211; Keinonahalla p\u00e4\u00e4llystetty ty\u00f6nt\u00f6aisa ja etukaari (PU)<br data-sanitized-data-mce-fragment=\"1\">&#8211; Lujatekoinen s\u00e4ilytyspussi<br data-sanitized-data-mce-fragment=\"1\">&#8211; 100% PU-py\u00f6r\u00e4t ja paljon muuta<\/p>\n","protected":false},"excerpt":{"rendered":"<p>Erotu joukosta&#8230;<br data-sanitized-data-mce-fragment=\"1\"><br data-sanitized-data-mce-fragment=\"1\">Upeiden hiekans\u00e4vyisten, suklaanruskeiden ja vaaleanpunaisten yksityiskohtien ansiosta Leclerc Baby Influencer on ep\u00e4ilem\u00e4tt\u00e4 markkinoiden trendisetteri. Upeat v\u00e4riyhdistelm\u00e4t, kauniit materiaalit ja mahtavan k\u00e4ytt\u00f6mukavuuden varmistava automaattinen OneTouch-taittomekanismi. Uusi Influencer-mallisto tarjoaa trendik\u00e4st\u00e4 tyylikyytt\u00e4 mustalla tai metallinv\u00e4risell\u00e4 rungolla. N\u00e4m\u00e4 rattaat erottuvat varmasti muista! Influencer Bundle -yhdistelm\u00e4vaunut vastasyntyneille ja noin nelj\u00e4\u00e4n ik\u00e4vuoteen saakka.<\/p>\n","protected":false},"featured_media":4741,"comment_status":"open","ping_status":"closed","template":"","meta":[],"product_brand":[],"product_cat":[15],"product_tag":[],"class_list":{"0":"post-6058","1":"product","2":"type-product","3":"status-publish","4":"has-post-thumbnail","6":"product_cat-maaramata","7":"shop-item","8":"isotope-item","10":"first","11":"instock","12":"taxable","13":"shipping-taxable","14":"product-type-simple"},"jetpack_sharing_enabled":true,"_links":{"self":[{"href":"https:\/\/leclercbaby.ee\/fi\/wp-json\/wp\/v2\/product\/6058","targetHints":{"allow":["GET"]}}],"collection":[{"href":"https:\/\/leclercbaby.ee\/fi\/wp-json\/wp\/v2\/product"}],"about":[{"href":"https:\/\/leclercbaby.ee\/fi\/wp-json\/wp\/v2\/types\/product"}],"replies":[{"embeddable":true,"href":"https:\/\/leclercbaby.ee\/fi\/wp-json\/wp\/v2\/comments?post=6058"}],"wp:featuredmedia":[{"embeddable":true,"href":"https:\/\/leclercbaby.ee\/fi\/wp-json\/wp\/v2\/media\/4741"}],"wp:attachment":[{"href":"https:\/\/leclercbaby.ee\/fi\/wp-json\/wp\/v2\/media?parent=6058"}],"wp:term":[{"taxonomy":"product_brand","embeddable":true,"href":"https:\/\/leclercbaby.ee\/fi\/wp-json\/wp\/v2\/product_brand?post=6058"},{"taxonomy":"product_cat","embeddable":true,"href":"https:\/\/leclercbaby.ee\/fi\/wp-json\/wp\/v2\/product_cat?post=6058"},{"taxonomy":"product_tag","embeddable":true,"href":"https:\/\/leclercbaby.ee\/fi\/wp-json\/wp\/v2\/product_tag?post=6058"}],"curies":[{"name":"wp","href":"https:\/\/api.w.org\/{rel}","templated":true}]}}