{"id":6027,"date":"2022-02-23T15:48:42","date_gmt":"2022-02-23T15:48:42","guid":{"rendered":"https:\/\/leclercbaby.ee\/toode\/leclerc-baby-influencer-rattaat\/"},"modified":"2023-01-24T09:51:19","modified_gmt":"2023-01-24T09:51:19","slug":"leclerc-baby-influencer-rattaat","status":"publish","type":"product","link":"https:\/\/leclercbaby.ee\/fi\/toode\/leclerc-baby-influencer-rattaat\/","title":{"rendered":"Influencer -rattaat"},"content":{"rendered":"<p><strong>Leclerc Baby Influencer<\/strong><br \/>\nMiksi valitsisit hankalat ja painavat perinteiset rattaat? Leclerc Baby -rattaat ovat superhelpot k\u00e4ytt\u00e4\u00e4, ja ne voidaan taittaa kokoon ja avata yhdell\u00e4 k\u00e4dell\u00e4. Multitaskaaminen eli tuttu rattaiden avaaminen vauva kainalossa onnistuu helposti.<\/p>\n<p>Rattaat taittuvat kokoon automaattisesti yhdell\u00e4 painalluksella painovoiman ansiosta. Ei herk\u00e4sti rikkoontuvia jousia tai paineilmaa, joten j\u00e4rjestelm\u00e4 on sek\u00e4 lujatekoinen ett\u00e4 kest\u00e4v\u00e4, ja tietysti sill\u00e4 on my\u00f6s takuu.<\/p>\n<p><strong>Laatikon sis\u00e4lt\u00f6:<\/strong><br \/>\n&#8211; Leclerc Baby Influencer -rattaat kuomulla\/aurinkosuojalla<br \/>\n&#8211; Sadesuoja<br \/>\n&#8211; Mukinpidike<br \/>\n&#8211; Etukaari<br \/>\n&#8211; S\u00e4ilytyspussi<\/p>\n<p><strong>Mukavuutta sinulle ja lapsellesi:<\/strong><br \/>\n&#8211; Kuomu\/aurinkosuoja magneettil\u00e4p\u00e4ll\u00e4<br \/>\n&#8211; 3 asentoon s\u00e4\u00e4dett\u00e4v\u00e4 selk\u00e4noja (voidaan laskea my\u00f6s kokonaan alas)<br \/>\n&#8211; S\u00e4\u00e4dett\u00e4v\u00e4 jalkatuki<\/p>\n<p><strong>Helppo k\u00e4ytt\u00e4\u00e4:<\/strong><br \/>\n&#8211; Irrotettava etukaari<br \/>\n&#8211; Lapsi on helppo laittaa ja ottaa pois rattaista magneetilla varustettujen 5-pisteturvavaljaiden ansiosta<br \/>\n&#8211; Jousitetut py\u00f6r\u00e4t<br \/>\n&#8211; Reilun kokoinen jarrupoljin<br \/>\n&#8211; Hoitokassin kiinnikkeet<\/p>\n<p><strong>Suojaa s\u00e4\u00e4lt\u00e4:<\/strong><br \/>\n&#8211; Tavanomaista pidempi kuomu\/aurinkosuoja 50+ SPF-suojakertoimella<br \/>\n&#8211; 600D vett\u00e4 hylkiv\u00e4 kangas<\/p>\n<p><strong>Laadukkaat materiaalit:<\/strong><br \/>\n&#8211; Keinonahalla p\u00e4\u00e4llystetty ty\u00f6nt\u00f6aisa ja etukaari (PU)<br \/>\n&#8211; Lujatekoinen s\u00e4ilytyspussi<br \/>\n&#8211; 100% PU-py\u00f6r\u00e4t ja paljon muuta<\/p>\n<p><strong>Lis\u00e4tietoja:<\/strong><br \/>\n&#8211; Rattaat taittuvat kokoon ja avautuvat yhdell\u00e4 painalluksella<br \/>\n&#8211; Rattaat voidaan ottaa lentokoneeseen k\u00e4simatkatavarana, sill\u00e4 ne vastaavat matkustamon yl\u00e4lokeroon laitettavia matkatavaroita koskevia virallisia kokovaatimuksia<br \/>\n&#8211; Kuomu\/aurinkosuoja UV 50+ -suojakertoimella. Sadesuoja, etukaari, mukinpidike ja kantokassi.<br \/>\nSopii 6 kk:sta alkaen ja noin 5. ik\u00e4vuoteen saakka (22 kg)<br \/>\nMonipuolisesta mallistosta l\u00f6ytyv\u00e4t my\u00f6s vaunukopalla varustetut rattaat<br \/>\nMitat kokoon taitettuna (K x L x S cm) \u2013 56 x 47 x 24<\/p>\n","protected":false},"excerpt":{"rendered":"<p>Erotu joukosta&#8230;<\/p>\n<p>Upeiden suklaanruskeiden ja vaaleanpunaisten yksityiskohtien ansiosta Leclerc Baby Influencer on ep\u00e4ilem\u00e4tt\u00e4 markkinoiden trendisetteri. Upeat v\u00e4riyhdistelm\u00e4t, kauniit materiaalit ja mahtavan k\u00e4ytt\u00f6mukavuuden varmistava automaattinen OneTouch-taittomekanismi. Uusi Influencer-mallisto tarjoaa trendik\u00e4st\u00e4 tyylikyytt\u00e4 mustalla tai metallinv\u00e4risell\u00e4 rungolla. N\u00e4m\u00e4 rattaat erottuvat varmasti muista!<\/p>\n<p>Yhteensopivat tarpeelliset rattaiden tarvikkeet upeissa Influencer-v\u00e4reiss\u00e4: vaunukoppa, laukku, hoitokassi ja toppapussi<\/p>\n","protected":false},"featured_media":13021,"comment_status":"open","ping_status":"closed","template":"","meta":[],"product_brand":[],"product_cat":[117],"product_tag":[],"class_list":{"0":"post-6027","1":"product","2":"type-product","3":"status-publish","4":"has-post-thumbnail","6":"product_cat-influecer-jalutuskarud","7":"shop-item","8":"isotope-item","10":"first","11":"outofstock","12":"taxable","13":"shipping-taxable","14":"product-type-variable"},"jetpack_sharing_enabled":true,"_links":{"self":[{"href":"https:\/\/leclercbaby.ee\/fi\/wp-json\/wp\/v2\/product\/6027","targetHints":{"allow":["GET"]}}],"collection":[{"href":"https:\/\/leclercbaby.ee\/fi\/wp-json\/wp\/v2\/product"}],"about":[{"href":"https:\/\/leclercbaby.ee\/fi\/wp-json\/wp\/v2\/types\/product"}],"replies":[{"embeddable":true,"href":"https:\/\/leclercbaby.ee\/fi\/wp-json\/wp\/v2\/comments?post=6027"}],"wp:featuredmedia":[{"embeddable":true,"href":"https:\/\/leclercbaby.ee\/fi\/wp-json\/wp\/v2\/media\/13021"}],"wp:attachment":[{"href":"https:\/\/leclercbaby.ee\/fi\/wp-json\/wp\/v2\/media?parent=6027"}],"wp:term":[{"taxonomy":"product_brand","embeddable":true,"href":"https:\/\/leclercbaby.ee\/fi\/wp-json\/wp\/v2\/product_brand?post=6027"},{"taxonomy":"product_cat","embeddable":true,"href":"https:\/\/leclercbaby.ee\/fi\/wp-json\/wp\/v2\/product_cat?post=6027"},{"taxonomy":"product_tag","embeddable":true,"href":"https:\/\/leclercbaby.ee\/fi\/wp-json\/wp\/v2\/product_tag?post=6027"}],"curies":[{"name":"wp","href":"https:\/\/api.w.org\/{rel}","templated":true}]}}