{"id":6025,"date":"2022-03-06T12:58:35","date_gmt":"2022-03-06T12:58:35","guid":{"rendered":"https:\/\/leclercbaby.ee\/toode\/leclerc-baby-twin-liitin\/"},"modified":"2023-01-24T09:49:27","modified_gmt":"2023-01-24T09:49:27","slug":"leclerc-baby-twin-liitin","status":"publish","type":"product","link":"https:\/\/leclercbaby.ee\/fi\/toode\/leclerc-baby-twin-liitin\/","title":{"rendered":"Duo &amp; Twin -liittimet"},"content":{"rendered":"<p><strong>Monella tavalla k\u00e4tev\u00e4:<\/strong><br \/>\n&#8211; Kiinnit\u00e4 kahdet turvakaukalolla varustetut Leclerc Baby -rattaat toisiinsa, ja saat t\u00e4ydelliset tuparattaat vastasyntyneille kaksosille<br \/>\n&#8211; Kiinnit\u00e4 kahdet Leclerc Baby -rattaat toisiinsa, joissa toisessa on turvakaukalo, ja saat t\u00e4ydelliset sisarusrattaat taaperolle ja pikkuvauvalle<br \/>\n&#8211; Kiinnit\u00e4 kahdet Leclerc Baby -rattaat toisiinsa, ja saat kaksosrattaat tai rattaat isommille sisaruksille<\/p>\n<p>Kiinnikkeet on helppo ja nopea irrottaa \u2013 k\u00e4\u00e4nn\u00e4t vain vipua, kun haluat k\u00e4ytt\u00e4\u00e4 vain toisia rattaita. Sovittimia ei tarvitse irrottaa rattaita kuljetusta tai s\u00e4ilytyst\u00e4 varten kokoon taitettaessa.<\/p>\n<p><strong>Laatikon sis\u00e4lt\u00f6:<\/strong><br \/>\n&#8211; Leclerc Baby Twin -liitin \u2013 3 kpl setti<\/p>\n<p>&nbsp;<\/p>\n","protected":false},"excerpt":{"rendered":"<p>Leclerc Twin -liitin tulee apuun silloin, kun rattaissa on kaksi lasta. Kolmen liittimen setti on helppo asentaa, ja sen avulla Leclerc Baby MF Plus, Influencer, Influencer Xl, Monnalisa ja Hexagon -rattaat on helppo kiinnitt\u00e4\u00e4 toisiinsa.<\/p>\n","protected":false},"featured_media":14929,"comment_status":"open","ping_status":"closed","template":"","meta":[],"product_brand":[],"product_cat":[121],"product_tag":[],"class_list":{"0":"post-6025","1":"product","2":"type-product","3":"status-publish","4":"has-post-thumbnail","6":"product_cat-aksessuaarid","7":"shop-item","8":"isotope-item","10":"first","11":"instock","12":"taxable","13":"shipping-taxable","14":"product-type-simple"},"jetpack_sharing_enabled":true,"_links":{"self":[{"href":"https:\/\/leclercbaby.ee\/fi\/wp-json\/wp\/v2\/product\/6025","targetHints":{"allow":["GET"]}}],"collection":[{"href":"https:\/\/leclercbaby.ee\/fi\/wp-json\/wp\/v2\/product"}],"about":[{"href":"https:\/\/leclercbaby.ee\/fi\/wp-json\/wp\/v2\/types\/product"}],"replies":[{"embeddable":true,"href":"https:\/\/leclercbaby.ee\/fi\/wp-json\/wp\/v2\/comments?post=6025"}],"wp:featuredmedia":[{"embeddable":true,"href":"https:\/\/leclercbaby.ee\/fi\/wp-json\/wp\/v2\/media\/14929"}],"wp:attachment":[{"href":"https:\/\/leclercbaby.ee\/fi\/wp-json\/wp\/v2\/media?parent=6025"}],"wp:term":[{"taxonomy":"product_brand","embeddable":true,"href":"https:\/\/leclercbaby.ee\/fi\/wp-json\/wp\/v2\/product_brand?post=6025"},{"taxonomy":"product_cat","embeddable":true,"href":"https:\/\/leclercbaby.ee\/fi\/wp-json\/wp\/v2\/product_cat?post=6025"},{"taxonomy":"product_tag","embeddable":true,"href":"https:\/\/leclercbaby.ee\/fi\/wp-json\/wp\/v2\/product_tag?post=6025"}],"curies":[{"name":"wp","href":"https:\/\/api.w.org\/{rel}","templated":true}]}}