{"id":6021,"date":"2022-08-18T19:49:57","date_gmt":"2022-08-18T19:49:57","guid":{"rendered":"https:\/\/leclercbaby.ee\/toode\/influencer-xl-rattaat\/"},"modified":"2023-05-16T21:16:26","modified_gmt":"2023-05-16T21:16:26","slug":"influencer-xl-rattaat","status":"publish","type":"product","link":"https:\/\/leclercbaby.ee\/fi\/toode\/influencer-xl-rattaat\/","title":{"rendered":"Influencer XL -rattaat"},"content":{"rendered":"<p><strong>Laatikon sis\u00e4lt\u00f6<\/strong><br \/>\n&#8211; Influencer -rattaat aurinkosuojalla<br \/>\n&#8211; Etukaari<br \/>\n&#8211; S\u00e4ilytyspussi<\/p>\n<p><strong>K\u00e4ytt\u00f6mukavuutta sinulle ja vauvallesi<\/strong><br \/>\n&#8211; S\u00e4\u00e4dett\u00e4v\u00e4 kuomu, jossa on ikkuna ja tekstiilisuojus (magneettikiinnitys)<br \/>\n&#8211; 3 asentoon s\u00e4\u00e4dett\u00e4v\u00e4 selk\u00e4noja (voidaan laskea my\u00f6s kokonaan alas)<br \/>\n&#8211; S\u00e4\u00e4dett\u00e4v\u00e4 jalkatuki (toimii jatkopalana selk\u00e4nojan ollessa laskettuna t\u00e4ysin alas)<\/p>\n<p><strong>Helppo k\u00e4ytt\u00e4\u00e4<\/strong><br \/>\n&#8211; Irrotettava etukaari<br \/>\n&#8211; 5-pistemagneettiturvavy\u00f6<br \/>\n&#8211; Jousitus kaikissa py\u00f6riss\u00e4<br \/>\n&#8211; Reilun kokoinen jarrupoljin<br \/>\n&#8211; N\u00e4pp\u00e4r\u00e4t kiinnikkeet hoitokassille<\/p>\n<p><strong>S\u00e4\u00e4nkest\u00e4v\u00e4<\/strong><br \/>\n&#8211; Jatkettava kuomu 50+ SPF<br \/>\n&#8211; 600D vett\u00e4 hylkiv\u00e4 kangas<\/p>\n<p><strong>Eritt\u00e4in laadukkaat materiaalit<\/strong><br \/>\n&#8211; Keinonahalla p\u00e4\u00e4llystetty aisa + etukaari (PU)<br \/>\n&#8211; Lujatekoinen s\u00e4ilytyspussi<br \/>\n&#8211; 100 % PU-py\u00f6r\u00e4t ja paljon muuta<\/p>\n<p><strong>Lis\u00e4tietoja<\/strong><br \/>\n&#8211; Rattaat taittuvat kokoon ja avautuvat yhdell\u00e4 painalluksella<br \/>\n&#8211; Mahtuu lentokoneen matkustamon yl\u00e4lokeroon<br \/>\n&#8211; Mukana aurinkosuoja UV50+, turvakaari ja s\u00e4ilytyspussi<br \/>\n&#8211; Sopii 6 kk:sta alkaen ja noin 5. ik\u00e4vuoteen saakka (22 kg)<\/p>\n<p><strong>Influencer XL -rattaat:<\/strong><br \/>\n\u2022 Paino: 8,1 kg<br \/>\n\u2022 Istuimen enimm\u00e4iskuormitus: 22 kg<br \/>\n\u2022 Korin enimm\u00e4iskuormitus: 3 kg<br \/>\n\u2022 Korkeus avattuna: 104 cm<br \/>\n\u2022 Syvyys avattuna: 63 cm<br \/>\n\u2022 Leveys avattuna: 51 cm<br \/>\n\u2022 Korkeus kokoon taitettuna 60 cm<br \/>\n\u2022 Syvyys kokoon taitettuna 24 cm<br \/>\n\u2022 Leveys kokoon taitettuna: 45 cm<br \/>\n\u2022 Rungon materiaali: Jauhemaalattu alumiini<br \/>\n\u2022 V\u00e4rit: Army Green ja Black Brown<\/p>\n","protected":false},"excerpt":{"rendered":"<p>Influencer XL -rattaat \u2013 upouusi Influencer XL Influencer XL avartaa arkea. XL on Influencerin \u201disoveli\u201d, joka huomataan varmasti. Kuten Influencerkin, my\u00f6s XL voidaan taittaa kokoon ja avata vain 1,5 sekunnissa yhdell\u00e4 painikkeen painalluksella!<\/p>\n<p>Rattaissa on reilun kokoiset py\u00f6r\u00e4t, joten niill\u00e4 p\u00e4\u00e4see helposti liikkumaan my\u00f6s maastossa ja tutustumaan ymp\u00e4rist\u00f6\u00f6n. Isot py\u00f6r\u00e4t tekev\u00e4t rattaiden alaosasta tilavamman, ja ainutlaatuisen taittomekanismin ansiosta Influencer XL -rattaat sopivat erinomaisesti matkailuun, kaupunkiin, luontoon tutustumiseen ja vaihtelevalla pohjalla liikkumiseen. Istuinosassa on pehme\u00e4 toppaus, joten lapsi viihtyy rattaissa pidemmill\u00e4kin matkoilla.<\/p>\n","protected":false},"featured_media":13291,"comment_status":"open","ping_status":"closed","template":"","meta":[],"product_brand":[],"product_cat":[136],"product_tag":[],"class_list":{"0":"post-6021","1":"product","2":"type-product","3":"status-publish","4":"has-post-thumbnail","6":"product_cat-influencer-xl-jalutuskarud","7":"shop-item","8":"isotope-item","10":"first","11":"outofstock","12":"taxable","13":"shipping-taxable","14":"product-type-variable"},"jetpack_sharing_enabled":true,"_links":{"self":[{"href":"https:\/\/leclercbaby.ee\/fi\/wp-json\/wp\/v2\/product\/6021","targetHints":{"allow":["GET"]}}],"collection":[{"href":"https:\/\/leclercbaby.ee\/fi\/wp-json\/wp\/v2\/product"}],"about":[{"href":"https:\/\/leclercbaby.ee\/fi\/wp-json\/wp\/v2\/types\/product"}],"replies":[{"embeddable":true,"href":"https:\/\/leclercbaby.ee\/fi\/wp-json\/wp\/v2\/comments?post=6021"}],"wp:featuredmedia":[{"embeddable":true,"href":"https:\/\/leclercbaby.ee\/fi\/wp-json\/wp\/v2\/media\/13291"}],"wp:attachment":[{"href":"https:\/\/leclercbaby.ee\/fi\/wp-json\/wp\/v2\/media?parent=6021"}],"wp:term":[{"taxonomy":"product_brand","embeddable":true,"href":"https:\/\/leclercbaby.ee\/fi\/wp-json\/wp\/v2\/product_brand?post=6021"},{"taxonomy":"product_cat","embeddable":true,"href":"https:\/\/leclercbaby.ee\/fi\/wp-json\/wp\/v2\/product_cat?post=6021"},{"taxonomy":"product_tag","embeddable":true,"href":"https:\/\/leclercbaby.ee\/fi\/wp-json\/wp\/v2\/product_tag?post=6021"}],"curies":[{"name":"wp","href":"https:\/\/api.w.org\/{rel}","templated":true}]}}